{"id":2,"date":"2026-03-12T08:55:39","date_gmt":"2026-03-12T08:55:39","guid":{"rendered":"https:\/\/peluqueriasheilarodriguez.rkinformatika.online\/?page_id=2"},"modified":"2026-03-17T08:24:51","modified_gmt":"2026-03-17T08:24:51","slug":"inicio","status":"publish","type":"page","link":"https:\/\/peluqueriasheilarodriguez.es\/en\/","title":{"rendered":"Home"},"content":{"rendered":"<div data-elementor-type=\"wp-page\" data-elementor-id=\"2\" class=\"elementor elementor-2\" data-elementor-post-type=\"page\">\n\t\t\t\t<div class=\"elementor-element elementor-element-9236055 e-flex e-con-boxed e-con e-parent\" data-id=\"9236055\" data-element_type=\"container\" data-e-type=\"container\" data-settings=\"{&quot;background_background&quot;:&quot;classic&quot;}\">\n\t\t\t\t\t<div class=\"e-con-inner\">\n\t\t<div class=\"elementor-element elementor-element-bf898b3 e-con-full e-flex e-con e-child\" data-id=\"bf898b3\" data-element_type=\"container\" data-e-type=\"container\">\n\t\t\t\t<div class=\"elementor-element elementor-element-f7b765b elementor-invisible elementor-widget elementor-widget-heading\" data-id=\"f7b765b\" data-element_type=\"widget\" data-e-type=\"widget\" data-settings=\"{&quot;_animation&quot;:&quot;zoomIn&quot;}\" data-widget_type=\"heading.default\">\n\t\t\t\t\t<h2 class=\"elementor-heading-title elementor-size-default\">Style, care, and personality!<\/h2>\t\t\t\t<\/div>\n\t\t\t\t<\/div>\n\t\t\t\t\t<\/div>\n\t\t\t\t<\/div>\n\t\t<div class=\"elementor-element elementor-element-4a02264 e-flex e-con-boxed e-con e-parent\" data-id=\"4a02264\" data-element_type=\"container\" data-e-type=\"container\">\n\t\t\t\t\t<div class=\"e-con-inner\">\n\t\t<div class=\"elementor-element elementor-element-5f63b87 e-con-full e-flex e-con e-child\" data-id=\"5f63b87\" data-element_type=\"container\" data-e-type=\"container\">\n\t\t\t\t<div class=\"elementor-element elementor-element-7df88b2 elementor-flip-box--effect-zoom-out elementor-widget elementor-widget-flip-box\" data-id=\"7df88b2\" data-element_type=\"widget\" data-e-type=\"widget\" data-widget_type=\"flip-box.default\">\n\t\t\t\t\t\t\t<div class=\"elementor-flip-box\" tabindex=\"0\">\n\t\t\t<div class=\"elementor-flip-box__layer elementor-flip-box__front\">\n\t\t\t\t<div class=\"elementor-flip-box__layer__overlay\">\n\t\t\t\t\t<div class=\"elementor-flip-box__layer__inner\">\n\t\t\t\t\t\t\n\t\t\t\t\t\t\n\t\t\t\t\t\t\t\t\t\t\t<\/div>\n\t\t\t\t<\/div>\n\t\t\t<\/div>\n\t\t\t<div class=\"elementor-flip-box__layer elementor-flip-box__back\">\n\t\t\t<div class=\"elementor-flip-box__layer__overlay\">\n\t\t\t\t<div class=\"elementor-flip-box__layer__inner\">\n\t\t\t\t\t\n\t\t\t\t\t\n\t\t\t\t\t\t\t\t<\/div>\n\t\t<\/div>\n\t\t<\/div>\n\t\t<\/div>\n\t\t\t\t\t\t<\/div>\n\t\t\t\t<\/div>\n\t\t<div class=\"elementor-element elementor-element-d4c9a22 e-con-full e-flex e-con e-child\" data-id=\"d4c9a22\" data-element_type=\"container\" data-e-type=\"container\">\n\t\t\t\t<div class=\"elementor-element elementor-element-4afdf40 elementor-invisible elementor-widget elementor-widget-heading\" data-id=\"4afdf40\" data-element_type=\"widget\" data-e-type=\"widget\" data-settings=\"{&quot;_animation&quot;:&quot;fadeIn&quot;,&quot;_animation_delay&quot;:50}\" data-widget_type=\"heading.default\">\n\t\t\t\t\t<h2 class=\"elementor-heading-title elementor-size-default\">About us<\/h2>\t\t\t\t<\/div>\n\t\t\t\t<div class=\"elementor-element elementor-element-e723a6f elementor-invisible elementor-widget elementor-widget-heading\" data-id=\"e723a6f\" data-element_type=\"widget\" data-e-type=\"widget\" data-settings=\"{&quot;_animation&quot;:&quot;fadeIn&quot;,&quot;_animation_delay&quot;:100}\" data-widget_type=\"heading.default\">\n\t\t\t\t\t<h2 class=\"elementor-heading-title elementor-size-default\">Your style, our passion!<\/h2>\t\t\t\t<\/div>\n\t\t\t\t<div class=\"elementor-element elementor-element-9fc1c86 elementor-widget elementor-widget-text-editor\" data-id=\"9fc1c86\" data-element_type=\"widget\" data-e-type=\"widget\" data-widget_type=\"text-editor.default\">\n\t\t\t\t\t\t\t\t\t<p>We have been offering high-quality hairdressing services for over five years and have experienced significant growth in our clientele in recent years.<\/p>\t\t\t\t\t\t\t\t<\/div>\n\t\t\t\t<\/div>\n\t\t\t\t\t<\/div>\n\t\t\t\t<\/div>\n\t\t<div class=\"elementor-element elementor-element-26b63f6 e-flex e-con-boxed e-con e-parent\" data-id=\"26b63f6\" data-element_type=\"container\" data-e-type=\"container\">\n\t\t\t\t\t<div class=\"e-con-inner\">\n\t\t<div class=\"elementor-element elementor-element-b68207c e-con-full e-flex e-con e-child\" data-id=\"b68207c\" data-element_type=\"container\" data-e-type=\"container\">\n\t\t\t\t<div class=\"elementor-element elementor-element-d699de8 elementor-invisible elementor-widget elementor-widget-heading\" data-id=\"d699de8\" data-element_type=\"widget\" data-e-type=\"widget\" data-settings=\"{&quot;_animation&quot;:&quot;fadeIn&quot;,&quot;_animation_delay&quot;:50}\" data-widget_type=\"heading.default\">\n\t\t\t\t\t<h2 class=\"elementor-heading-title elementor-size-default\">your image<\/h2>\t\t\t\t<\/div>\n\t\t\t\t<div class=\"elementor-element elementor-element-c767db4 elementor-invisible elementor-widget elementor-widget-heading\" data-id=\"c767db4\" data-element_type=\"widget\" data-e-type=\"widget\" data-settings=\"{&quot;_animation&quot;:&quot;fadeIn&quot;,&quot;_animation_delay&quot;:100}\" data-widget_type=\"heading.default\">\n\t\t\t\t\t<h2 class=\"elementor-heading-title elementor-size-default\">Beauty starts with your hair!<\/h2>\t\t\t\t<\/div>\n\t\t\t\t<div class=\"elementor-element elementor-element-9a3ae91 elementor-widget elementor-widget-text-editor\" data-id=\"9a3ae91\" data-element_type=\"widget\" data-e-type=\"widget\" data-widget_type=\"text-editor.default\">\n\t\t\t\t\t\t\t\t\t<p>We take great pride in our extensive portfolio of satisfied customers, as well as the personalized and friendly service we provide to each of them, ensuring that they feel comfortable and valued on every visit.<\/p>\t\t\t\t\t\t\t\t<\/div>\n\t\t\t\t<\/div>\n\t\t<div class=\"elementor-element elementor-element-9e3f238 e-con-full e-flex e-con e-child\" data-id=\"9e3f238\" data-element_type=\"container\" data-e-type=\"container\" data-settings=\"{&quot;background_background&quot;:&quot;classic&quot;}\">\n\t\t\t\t<div class=\"elementor-element elementor-element-93abf34 elementor-flip-box--effect-zoom-out elementor-widget elementor-widget-flip-box\" data-id=\"93abf34\" data-element_type=\"widget\" data-e-type=\"widget\" data-widget_type=\"flip-box.default\">\n\t\t\t\t\t\t\t<div class=\"elementor-flip-box\" tabindex=\"0\">\n\t\t\t<div class=\"elementor-flip-box__layer elementor-flip-box__front\">\n\t\t\t\t<div class=\"elementor-flip-box__layer__overlay\">\n\t\t\t\t\t<div class=\"elementor-flip-box__layer__inner\">\n\t\t\t\t\t\t\n\t\t\t\t\t\t\n\t\t\t\t\t\t\t\t\t\t\t<\/div>\n\t\t\t\t<\/div>\n\t\t\t<\/div>\n\t\t\t<div class=\"elementor-flip-box__layer elementor-flip-box__back\">\n\t\t\t<div class=\"elementor-flip-box__layer__overlay\">\n\t\t\t\t<div class=\"elementor-flip-box__layer__inner\">\n\t\t\t\t\t\n\t\t\t\t\t\n\t\t\t\t\t\t\t\t<\/div>\n\t\t<\/div>\n\t\t<\/div>\n\t\t<\/div>\n\t\t\t\t\t\t<\/div>\n\t\t\t\t<\/div>\n\t\t\t\t\t<\/div>\n\t\t\t\t<\/div>\n\t\t<div class=\"elementor-element elementor-element-a743000 e-flex e-con-boxed e-con e-parent\" data-id=\"a743000\" data-element_type=\"container\" data-e-type=\"container\" data-settings=\"{&quot;background_background&quot;:&quot;classic&quot;}\">\n\t\t\t\t\t<div class=\"e-con-inner\">\n\t\t<div class=\"elementor-element elementor-element-a5c117f e-con-full e-flex e-con e-child\" data-id=\"a5c117f\" data-element_type=\"container\" data-e-type=\"container\" data-settings=\"{&quot;background_background&quot;:&quot;classic&quot;}\">\n\t\t\t\t<div class=\"elementor-element elementor-element-9efcef3 elementor-invisible elementor-widget elementor-widget-heading\" data-id=\"9efcef3\" data-element_type=\"widget\" data-e-type=\"widget\" data-settings=\"{&quot;_animation&quot;:&quot;zoomIn&quot;}\" data-widget_type=\"heading.default\">\n\t\t\t\t\t<h2 class=\"elementor-heading-title elementor-size-default\">We create unique styles for people who want to look and feel good!<\/h2>\t\t\t\t<\/div>\n\t\t\t\t<div class=\"elementor-element elementor-element-68748aa elementor-align-center elementor-invisible elementor-widget elementor-widget-button\" data-id=\"68748aa\" data-element_type=\"widget\" data-e-type=\"widget\" data-settings=\"{&quot;_animation&quot;:&quot;zoomIn&quot;}\" data-widget_type=\"button.default\">\n\t\t\t\t\t\t\t\t\t\t<a class=\"elementor-button elementor-button-link elementor-size-sm elementor-animation-hang\" href=\"\/en\/servicios\/\">\n\t\t\t\t\t\t<span class=\"elementor-button-content-wrapper\">\n\t\t\t\t\t\t\t\t\t<span class=\"elementor-button-text\">Services<\/span>\n\t\t\t\t\t<\/span>\n\t\t\t\t\t<\/a>\n\t\t\t\t\t\t\t\t<\/div>\n\t\t\t\t<\/div>\n\t\t\t\t\t<\/div>\n\t\t\t\t<\/div>\n\t\t<div class=\"elementor-element elementor-element-15d85da e-flex e-con-boxed e-con e-parent\" data-id=\"15d85da\" data-element_type=\"container\" data-e-type=\"container\" data-settings=\"{&quot;background_background&quot;:&quot;classic&quot;}\">\n\t\t\t\t\t<div class=\"e-con-inner\">\n\t\t<div class=\"elementor-element elementor-element-d0ed2d8 e-con-full e-flex e-con e-child\" data-id=\"d0ed2d8\" data-element_type=\"container\" data-e-type=\"container\" data-settings=\"{&quot;background_background&quot;:&quot;classic&quot;}\">\n\t\t\t\t<div class=\"elementor-element elementor-element-ff31e27 elementor-flip-box--effect-zoom-out elementor-widget elementor-widget-flip-box\" data-id=\"ff31e27\" data-element_type=\"widget\" data-e-type=\"widget\" data-widget_type=\"flip-box.default\">\n\t\t\t\t\t\t\t<div class=\"elementor-flip-box\" tabindex=\"0\">\n\t\t\t<div class=\"elementor-flip-box__layer elementor-flip-box__front\">\n\t\t\t\t<div class=\"elementor-flip-box__layer__overlay\">\n\t\t\t\t\t<div class=\"elementor-flip-box__layer__inner\">\n\t\t\t\t\t\t\n\t\t\t\t\t\t\n\t\t\t\t\t\t\t\t\t\t\t<\/div>\n\t\t\t\t<\/div>\n\t\t\t<\/div>\n\t\t\t<div class=\"elementor-flip-box__layer elementor-flip-box__back\">\n\t\t\t<div class=\"elementor-flip-box__layer__overlay\">\n\t\t\t\t<div class=\"elementor-flip-box__layer__inner\">\n\t\t\t\t\t\n\t\t\t\t\t\n\t\t\t\t\t\t\t\t<\/div>\n\t\t<\/div>\n\t\t<\/div>\n\t\t<\/div>\n\t\t\t\t\t\t<\/div>\n\t\t\t\t<\/div>\n\t\t<div class=\"elementor-element elementor-element-f2a5e5b e-con-full e-flex e-con e-child\" data-id=\"f2a5e5b\" data-element_type=\"container\" data-e-type=\"container\">\n\t\t\t\t<div class=\"elementor-element elementor-element-73bbbef elementor-invisible elementor-widget elementor-widget-heading\" data-id=\"73bbbef\" data-element_type=\"widget\" data-e-type=\"widget\" data-settings=\"{&quot;_animation&quot;:&quot;fadeIn&quot;,&quot;_animation_delay&quot;:50}\" data-widget_type=\"heading.default\">\n\t\t\t\t\t<h2 class=\"elementor-heading-title elementor-size-default\">committed<\/h2>\t\t\t\t<\/div>\n\t\t\t\t<div class=\"elementor-element elementor-element-02dc1b0 elementor-invisible elementor-widget elementor-widget-heading\" data-id=\"02dc1b0\" data-element_type=\"widget\" data-e-type=\"widget\" data-settings=\"{&quot;_animation&quot;:&quot;fadeIn&quot;,&quot;_animation_delay&quot;:100}\" data-widget_type=\"heading.default\">\n\t\t\t\t\t<h2 class=\"elementor-heading-title elementor-size-default\">Your change starts here!<\/h2>\t\t\t\t<\/div>\n\t\t\t\t<div class=\"elementor-element elementor-element-fa76b31 elementor-widget elementor-widget-text-editor\" data-id=\"fa76b31\" data-element_type=\"widget\" data-e-type=\"widget\" data-widget_type=\"text-editor.default\">\n\t\t\t\t\t\t\t\t\t<p>Our commitment to excellence has allowed us to build lasting relationships with our clients, who trust us not only for their cuts and styles, but also to make them feel special.<\/p>\t\t\t\t\t\t\t\t<\/div>\n\t\t\t\t<\/div>\n\t\t\t\t\t<\/div>\n\t\t\t\t<\/div>\n\t\t\t\t<\/div>","protected":false},"excerpt":{"rendered":"<p>\u00a1Estilo, cuidado y personalidad! Sobre nosotros \u00a1Tu estilo, nuestra pasi\u00f3n! Llevamos m\u00e1s de cinco a\u00f1os ofreciendo servicios de peluquer\u00eda de alta calidad y hemos experimentado un crecimiento significativo en nuestra clientela en los \u00faltimos a\u00f1os. tu imagen \u00a1La belleza empieza en tu cabello! Nos enorgullecemos profundamente de nuestra amplia cartera de clientes satisfechos, as\u00ed como [&hellip;]<\/p>\n","protected":false},"author":1,"featured_media":0,"parent":0,"menu_order":0,"comment_status":"closed","ping_status":"closed","template":"elementor_canvas","meta":{"footnotes":""},"class_list":["post-2","page","type-page","status-publish","hentry"],"yoast_head":"<!-- This site is optimized with the Yoast SEO plugin v27.5 - https:\/\/yoast.com\/product\/yoast-seo-wordpress\/ -->\n<title>Inicio - Peluquer\u00eda Sheila Rodr\u00edguez<\/title>\n<meta name=\"robots\" content=\"index, follow, max-snippet:-1, max-image-preview:large, max-video-preview:-1\" \/>\n<link rel=\"canonical\" href=\"https:\/\/peluqueriasheilarodriguez.es\/en\/\" \/>\n<meta property=\"og:locale\" content=\"en_GB\" \/>\n<meta property=\"og:type\" content=\"article\" \/>\n<meta property=\"og:title\" content=\"Inicio - Peluquer\u00eda Sheila Rodr\u00edguez\" \/>\n<meta property=\"og:description\" content=\"\u00a1Estilo, cuidado y personalidad! Sobre nosotros \u00a1Tu estilo, nuestra pasi\u00f3n! Llevamos m\u00e1s de cinco a\u00f1os ofreciendo servicios de peluquer\u00eda de alta calidad y hemos experimentado un crecimiento significativo en nuestra clientela en los \u00faltimos a\u00f1os. tu imagen \u00a1La belleza empieza en tu cabello! Nos enorgullecemos profundamente de nuestra amplia cartera de clientes satisfechos, as\u00ed como [&hellip;]\" \/>\n<meta property=\"og:url\" content=\"https:\/\/peluqueriasheilarodriguez.es\/en\/\" \/>\n<meta property=\"og:site_name\" content=\"Peluquer\u00eda Sheila Rodr\u00edguez\" \/>\n<meta property=\"article:modified_time\" content=\"2026-03-17T08:24:51+00:00\" \/>\n<meta name=\"twitter:card\" content=\"summary_large_image\" \/>\n<meta name=\"twitter:label1\" content=\"Estimated reading time\" \/>\n\t<meta name=\"twitter:data1\" content=\"1 minute\" \/>\n<script type=\"application\/ld+json\" class=\"yoast-schema-graph\">{\"@context\":\"https:\\\/\\\/schema.org\",\"@graph\":[{\"@type\":\"WebPage\",\"@id\":\"https:\\\/\\\/peluqueriasheilarodriguez.es\\\/\",\"url\":\"https:\\\/\\\/peluqueriasheilarodriguez.es\\\/\",\"name\":\"Inicio - Peluquer\u00eda Sheila Rodr\u00edguez\",\"isPartOf\":{\"@id\":\"https:\\\/\\\/peluqueriasheilarodriguez.es\\\/#website\"},\"datePublished\":\"2026-03-12T08:55:39+00:00\",\"dateModified\":\"2026-03-17T08:24:51+00:00\",\"breadcrumb\":{\"@id\":\"https:\\\/\\\/peluqueriasheilarodriguez.es\\\/#breadcrumb\"},\"inLanguage\":\"en-GB\",\"potentialAction\":[{\"@type\":\"ReadAction\",\"target\":[\"https:\\\/\\\/peluqueriasheilarodriguez.es\\\/\"]}]},{\"@type\":\"BreadcrumbList\",\"@id\":\"https:\\\/\\\/peluqueriasheilarodriguez.es\\\/#breadcrumb\",\"itemListElement\":[{\"@type\":\"ListItem\",\"position\":1,\"name\":\"Portada\",\"item\":\"https:\\\/\\\/peluqueriasheilarodriguez.es\\\/\"},{\"@type\":\"ListItem\",\"position\":2,\"name\":\"Inicio\"}]},{\"@type\":\"WebSite\",\"@id\":\"https:\\\/\\\/peluqueriasheilarodriguez.es\\\/#website\",\"url\":\"https:\\\/\\\/peluqueriasheilarodriguez.es\\\/\",\"name\":\"Peluquer\u00eda Sheila Rodr\u00edguez\",\"description\":\"Peluquer\u00eda Sheila Rodr\u00edguez\",\"publisher\":{\"@id\":\"https:\\\/\\\/peluqueriasheilarodriguez.es\\\/#organization\"},\"potentialAction\":[{\"@type\":\"SearchAction\",\"target\":{\"@type\":\"EntryPoint\",\"urlTemplate\":\"https:\\\/\\\/peluqueriasheilarodriguez.es\\\/?s={search_term_string}\"},\"query-input\":{\"@type\":\"PropertyValueSpecification\",\"valueRequired\":true,\"valueName\":\"search_term_string\"}}],\"inLanguage\":\"en-GB\"},{\"@type\":\"Organization\",\"@id\":\"https:\\\/\\\/peluqueriasheilarodriguez.es\\\/#organization\",\"name\":\"Peluquer\u00eda Sheila Rodr\u00edguez\",\"url\":\"https:\\\/\\\/peluqueriasheilarodriguez.es\\\/\",\"logo\":{\"@type\":\"ImageObject\",\"inLanguage\":\"en-GB\",\"@id\":\"https:\\\/\\\/peluqueriasheilarodriguez.es\\\/#\\\/schema\\\/logo\\\/image\\\/\",\"url\":\"https:\\\/\\\/peluqueriasheilarodriguez.es\\\/wp-content\\\/uploads\\\/2026\\\/03\\\/logo_web.png\",\"contentUrl\":\"https:\\\/\\\/peluqueriasheilarodriguez.es\\\/wp-content\\\/uploads\\\/2026\\\/03\\\/logo_web.png\",\"width\":640,\"height\":390,\"caption\":\"Peluquer\u00eda Sheila Rodr\u00edguez\"},\"image\":{\"@id\":\"https:\\\/\\\/peluqueriasheilarodriguez.es\\\/#\\\/schema\\\/logo\\\/image\\\/\"}}]}<\/script>\n<!-- \/ Yoast SEO plugin. -->","yoast_head_json":{"title":"Inicio - Peluquer\u00eda Sheila Rodr\u00edguez","robots":{"index":"index","follow":"follow","max-snippet":"max-snippet:-1","max-image-preview":"max-image-preview:large","max-video-preview":"max-video-preview:-1"},"canonical":"https:\/\/peluqueriasheilarodriguez.es\/en\/","og_locale":"en_GB","og_type":"article","og_title":"Inicio - Peluquer\u00eda Sheila Rodr\u00edguez","og_description":"\u00a1Estilo, cuidado y personalidad! Sobre nosotros \u00a1Tu estilo, nuestra pasi\u00f3n! Llevamos m\u00e1s de cinco a\u00f1os ofreciendo servicios de peluquer\u00eda de alta calidad y hemos experimentado un crecimiento significativo en nuestra clientela en los \u00faltimos a\u00f1os. tu imagen \u00a1La belleza empieza en tu cabello! Nos enorgullecemos profundamente de nuestra amplia cartera de clientes satisfechos, as\u00ed como [&hellip;]","og_url":"https:\/\/peluqueriasheilarodriguez.es\/en\/","og_site_name":"Peluquer\u00eda Sheila Rodr\u00edguez","article_modified_time":"2026-03-17T08:24:51+00:00","twitter_card":"summary_large_image","twitter_misc":{"Estimated reading time":"1 minute"},"schema":{"@context":"https:\/\/schema.org","@graph":[{"@type":"WebPage","@id":"https:\/\/peluqueriasheilarodriguez.es\/","url":"https:\/\/peluqueriasheilarodriguez.es\/","name":"Inicio - Peluquer\u00eda Sheila Rodr\u00edguez","isPartOf":{"@id":"https:\/\/peluqueriasheilarodriguez.es\/#website"},"datePublished":"2026-03-12T08:55:39+00:00","dateModified":"2026-03-17T08:24:51+00:00","breadcrumb":{"@id":"https:\/\/peluqueriasheilarodriguez.es\/#breadcrumb"},"inLanguage":"en-GB","potentialAction":[{"@type":"ReadAction","target":["https:\/\/peluqueriasheilarodriguez.es\/"]}]},{"@type":"BreadcrumbList","@id":"https:\/\/peluqueriasheilarodriguez.es\/#breadcrumb","itemListElement":[{"@type":"ListItem","position":1,"name":"Portada","item":"https:\/\/peluqueriasheilarodriguez.es\/"},{"@type":"ListItem","position":2,"name":"Inicio"}]},{"@type":"WebSite","@id":"https:\/\/peluqueriasheilarodriguez.es\/#website","url":"https:\/\/peluqueriasheilarodriguez.es\/","name":"Peluquer\u00eda Sheila Rodr\u00edguez","description":"Peluquer\u00eda Sheila Rodr\u00edguez","publisher":{"@id":"https:\/\/peluqueriasheilarodriguez.es\/#organization"},"potentialAction":[{"@type":"SearchAction","target":{"@type":"EntryPoint","urlTemplate":"https:\/\/peluqueriasheilarodriguez.es\/?s={search_term_string}"},"query-input":{"@type":"PropertyValueSpecification","valueRequired":true,"valueName":"search_term_string"}}],"inLanguage":"en-GB"},{"@type":"Organization","@id":"https:\/\/peluqueriasheilarodriguez.es\/#organization","name":"Peluquer\u00eda Sheila Rodr\u00edguez","url":"https:\/\/peluqueriasheilarodriguez.es\/","logo":{"@type":"ImageObject","inLanguage":"en-GB","@id":"https:\/\/peluqueriasheilarodriguez.es\/#\/schema\/logo\/image\/","url":"https:\/\/peluqueriasheilarodriguez.es\/wp-content\/uploads\/2026\/03\/logo_web.png","contentUrl":"https:\/\/peluqueriasheilarodriguez.es\/wp-content\/uploads\/2026\/03\/logo_web.png","width":640,"height":390,"caption":"Peluquer\u00eda Sheila Rodr\u00edguez"},"image":{"@id":"https:\/\/peluqueriasheilarodriguez.es\/#\/schema\/logo\/image\/"}}]}},"_links":{"self":[{"href":"https:\/\/peluqueriasheilarodriguez.es\/en\/wp-json\/wp\/v2\/pages\/2","targetHints":{"allow":["GET"]}}],"collection":[{"href":"https:\/\/peluqueriasheilarodriguez.es\/en\/wp-json\/wp\/v2\/pages"}],"about":[{"href":"https:\/\/peluqueriasheilarodriguez.es\/en\/wp-json\/wp\/v2\/types\/page"}],"author":[{"embeddable":true,"href":"https:\/\/peluqueriasheilarodriguez.es\/en\/wp-json\/wp\/v2\/users\/1"}],"replies":[{"embeddable":true,"href":"https:\/\/peluqueriasheilarodriguez.es\/en\/wp-json\/wp\/v2\/comments?post=2"}],"version-history":[{"count":64,"href":"https:\/\/peluqueriasheilarodriguez.es\/en\/wp-json\/wp\/v2\/pages\/2\/revisions"}],"predecessor-version":[{"id":411,"href":"https:\/\/peluqueriasheilarodriguez.es\/en\/wp-json\/wp\/v2\/pages\/2\/revisions\/411"}],"wp:attachment":[{"href":"https:\/\/peluqueriasheilarodriguez.es\/en\/wp-json\/wp\/v2\/media?parent=2"}],"curies":[{"name":"wp","href":"https:\/\/api.w.org\/{rel}","templated":true}]}}